{"id":10,"date":"2024-11-27T06:41:39","date_gmt":"2024-11-27T06:41:39","guid":{"rendered":"https:\/\/ecoleclunynoumea.ddec.nc\/?page_id=10"},"modified":"2024-12-09T14:46:51","modified_gmt":"2024-12-09T03:46:51","slug":"accueil","status":"publish","type":"page","link":"https:\/\/ecoleclunynoumea.ddec.nc\/","title":{"rendered":"Accueil"},"content":{"rendered":"\t\t<div data-elementor-type=\"wp-page\" data-elementor-id=\"10\" class=\"elementor elementor-10\" data-elementor-post-type=\"page\">\n\t\t\t\t\t\t<section class=\"elementor-section elementor-top-section elementor-element elementor-element-af7c053 elementor-section-full_width elementor-section-height-default elementor-section-height-default\" data-id=\"af7c053\" data-element_type=\"section\">\n\t\t\t\t\t\t<div class=\"elementor-container elementor-column-gap-default\">\n\t\t\t\t\t<div class=\"elementor-column elementor-col-100 elementor-top-column elementor-element elementor-element-94d7797\" data-id=\"94d7797\" data-element_type=\"column\">\n\t\t\t<div class=\"elementor-widget-wrap elementor-element-populated\">\n\t\t\t\t\t\t<div class=\"elementor-element elementor-element-ff4fff8 elementor--h-position-center elementor--v-position-middle elementor-arrows-position-inside elementor-pagination-position-inside elementor-widget elementor-widget-slides\" data-id=\"ff4fff8\" data-element_type=\"widget\" data-settings=\"{&quot;navigation&quot;:&quot;both&quot;,&quot;autoplay&quot;:&quot;yes&quot;,&quot;autoplay_speed&quot;:5000,&quot;infinite&quot;:&quot;yes&quot;,&quot;transition&quot;:&quot;slide&quot;,&quot;transition_speed&quot;:500}\" data-widget_type=\"slides.default\">\n\t\t\t\t<div class=\"elementor-widget-container\">\n\t\t\t\t\t\t\t\t\t<div class=\"elementor-swiper\">\n\t\t\t\t\t<div class=\"elementor-slides-wrapper elementor-main-swiper swiper\" role=\"region\" aria-roledescription=\"carousel\" aria-label=\"Diapositives\" dir=\"ltr\" data-animation=\"zoomIn\">\n\t\t\t\t<div class=\"swiper-wrapper elementor-slides\">\n\t\t\t\t\t\t\t\t\t\t<div class=\"elementor-repeater-item-7deb49a swiper-slide\" role=\"group\" aria-roledescription=\"slide\"><div class=\"swiper-slide-bg elementor-ken-burns elementor-ken-burns--in\" role=\"img\" aria-label=\"\u00e9cole 6\"><\/div><div class=\"elementor-background-overlay\"><\/div><div class=\"swiper-slide-inner\" ><div class=\"swiper-slide-contents\"><div class=\"elementor-slide-heading\">BIENVENUE<\/div><div class=\"elementor-slide-description\">\u00e0 l'\u00e9cole St Joseph de Cluny !<\/div><\/div><\/div><\/div><div class=\"elementor-repeater-item-a119a6a swiper-slide\" role=\"group\" aria-roledescription=\"slide\"><div class=\"swiper-slide-bg elementor-ken-burns elementor-ken-burns--in\" role=\"img\" aria-label=\"\u00e9cole 12\"><\/div><div class=\"elementor-background-overlay\"><\/div><div class=\"swiper-slide-inner\" ><div class=\"swiper-slide-contents\"><div class=\"elementor-slide-heading\">BIENVENUE<\/div><div class=\"elementor-slide-description\">\u00e0 l'\u00e9cole St Joseph de Cluny !<\/div><\/div><\/div><\/div><div class=\"elementor-repeater-item-2267d83 swiper-slide\" role=\"group\" aria-roledescription=\"slide\"><div class=\"swiper-slide-bg elementor-ken-burns elementor-ken-burns--in\" role=\"img\" aria-label=\"messe fin d&#039;ann\u00e9e\"><\/div><div class=\"elementor-background-overlay\"><\/div><div class=\"swiper-slide-inner\" ><div class=\"swiper-slide-contents\"><div class=\"elementor-slide-heading\">BIENVENUE<\/div><div class=\"elementor-slide-description\">\u00e0 l'\u00e9cole St Joseph de Cluny !<\/div><\/div><\/div><\/div>\t\t\t\t<\/div>\n\t\t\t\t\t\t\t\t\t\t\t\t\t\t\t<div class=\"elementor-swiper-button elementor-swiper-button-prev\" role=\"button\" tabindex=\"0\" aria-label=\"Diapositive pr\u00e9c\u00e9dente\">\n\t\t\t\t\t\t\t<svg aria-hidden=\"true\" class=\"e-font-icon-svg e-eicon-chevron-left\" viewBox=\"0 0 1000 1000\" xmlns=\"http:\/\/www.w3.org\/2000\/svg\"><path d=\"M646 125C629 125 613 133 604 142L308 442C296 454 292 471 292 487 292 504 296 521 308 533L604 854C617 867 629 875 646 875 663 875 679 871 692 858 704 846 713 829 713 812 713 796 708 779 692 767L438 487 692 225C700 217 708 204 708 187 708 171 704 154 692 142 675 129 663 125 646 125Z\"><\/path><\/svg>\t\t\t\t\t\t<\/div>\n\t\t\t\t\t\t<div class=\"elementor-swiper-button elementor-swiper-button-next\" role=\"button\" tabindex=\"0\" aria-label=\"Diapositive suivante\">\n\t\t\t\t\t\t\t<svg aria-hidden=\"true\" class=\"e-font-icon-svg e-eicon-chevron-right\" viewBox=\"0 0 1000 1000\" xmlns=\"http:\/\/www.w3.org\/2000\/svg\"><path d=\"M696 533C708 521 713 504 713 487 713 471 708 454 696 446L400 146C388 133 375 125 354 125 338 125 325 129 313 142 300 154 292 171 292 187 292 204 296 221 308 233L563 492 304 771C292 783 288 800 288 817 288 833 296 850 308 863 321 871 338 875 354 875 371 875 388 867 400 854L696 533Z\"><\/path><\/svg>\t\t\t\t\t\t<\/div>\n\t\t\t\t\t\t\t\t\t\t\t\t\t\t\t\t<div class=\"swiper-pagination\"><\/div>\n\t\t\t\t\t\t\t\t\t\t\t\t<\/div>\n\t\t\t\t<\/div>\n\t\t\t\t\t\t\t\t<\/div>\n\t\t\t\t<\/div>\n\t\t\t\t\t<\/div>\n\t\t<\/div>\n\t\t\t\t\t<\/div>\n\t\t<\/section>\n\t\t\t\t<section class=\"elementor-section elementor-top-section elementor-element elementor-element-eb36ece elementor-section-content-middle elementor-section-boxed elementor-section-height-default elementor-section-height-default\" data-id=\"eb36ece\" data-element_type=\"section\">\n\t\t\t\t\t\t<div class=\"elementor-container elementor-column-gap-no\">\n\t\t\t\t\t<div class=\"elementor-column elementor-col-100 elementor-top-column elementor-element elementor-element-b7e51d3\" data-id=\"b7e51d3\" data-element_type=\"column\">\n\t\t\t<div class=\"elementor-widget-wrap elementor-element-populated\">\n\t\t\t\t\t\t<div class=\"elementor-element elementor-element-519b191 elementor-widget elementor-widget-heading\" data-id=\"519b191\" data-element_type=\"widget\" data-widget_type=\"heading.default\">\n\t\t\t\t<div class=\"elementor-widget-container\">\n\t\t\t\t\t<h3 class=\"elementor-heading-title elementor-size-large\">Pr\u00e9sentation<\/h3>\t\t\t\t<\/div>\n\t\t\t\t<\/div>\n\t\t\t\t<div class=\"elementor-element elementor-element-5bc0177 elementor-widget-divider--view-line elementor-widget elementor-widget-divider\" data-id=\"5bc0177\" data-element_type=\"widget\" data-widget_type=\"divider.default\">\n\t\t\t\t<div class=\"elementor-widget-container\">\n\t\t\t\t\t\t\t<div class=\"elementor-divider\">\n\t\t\t<span class=\"elementor-divider-separator\">\n\t\t\t\t\t\t<\/span>\n\t\t<\/div>\n\t\t\t\t\t\t<\/div>\n\t\t\t\t<\/div>\n\t\t<div class=\"elementor-element elementor-element-31bae38 e-grid e-con-boxed e-con e-parent\" data-id=\"31bae38\" data-element_type=\"container\">\n\t\t\t\t\t<div class=\"e-con-inner\">\n\t\t\t\t<div class=\"elementor-element elementor-element-55e9aca elementor-widget elementor-widget-image\" data-id=\"55e9aca\" data-element_type=\"widget\" data-widget_type=\"image.default\">\n\t\t\t\t<div class=\"elementor-widget-container\">\n\t\t\t\t\t\t\t\t\t\t\t\t\t\t\t<img fetchpriority=\"high\" decoding=\"async\" width=\"640\" height=\"360\" src=\"https:\/\/ecoleclunynoumea.ddec.nc\/wp-content\/uploads\/2024\/11\/ecole-1.jpg\" class=\"attachment-large size-large wp-image-239\" alt=\"\" srcset=\"https:\/\/ecoleclunynoumea.ddec.nc\/wp-content\/uploads\/2024\/11\/ecole-1.jpg 640w, https:\/\/ecoleclunynoumea.ddec.nc\/wp-content\/uploads\/2024\/11\/ecole-1-300x169.jpg 300w\" sizes=\"(max-width: 640px) 100vw, 640px\" \/>\t\t\t\t\t\t\t\t\t\t\t\t\t\t\t<\/div>\n\t\t\t\t<\/div>\n\t\t\t\t<div class=\"elementor-element elementor-element-72ae833 elementor-widget elementor-widget-text-editor\" data-id=\"72ae833\" data-element_type=\"widget\" data-widget_type=\"text-editor.default\">\n\t\t\t\t<div class=\"elementor-widget-container\">\n\t\t\t\t\t\t\t\t\t<p>L\u2019\u00e9cole Saint Joseph de Cluny Noum\u00e9a est un \u00e9tablissement priv\u00e9 sous contrat d\u2019association avec l\u2019Etat situ\u00e9 au centre ville de Noum\u00e9a. Elle accueille des \u00e9l\u00e8ves de la maternelle au primaire dans un environnement calme et propice aux \u00e9tudes. L\u2019\u00e9quipe p\u00e9dagogique met tout en \u0153uvre pour offrir une \u00e9ducation de qualit\u00e9 et accompagner chaque \u00e9l\u00e8ve dans sa r\u00e9ussite scolaire et personnelle.<\/p>\t\t\t\t\t\t\t\t<\/div>\n\t\t\t\t<\/div>\n\t\t\t\t\t<\/div>\n\t\t\t\t<\/div>\n\t\t\t\t<div class=\"elementor-element elementor-element-52a10c8 elementor-align-right elementor-widget elementor-widget-button\" data-id=\"52a10c8\" data-element_type=\"widget\" data-widget_type=\"button.default\">\n\t\t\t\t<div class=\"elementor-widget-container\">\n\t\t\t\t\t\t\t\t\t<div class=\"elementor-button-wrapper\">\n\t\t\t\t\t<a class=\"elementor-button elementor-button-link elementor-size-sm\" href=\"https:\/\/ecoleclunynoumea.ddec.nc\/?page_id=20\">\n\t\t\t\t\t\t<span class=\"elementor-button-content-wrapper\">\n\t\t\t\t\t\t\t\t\t<span class=\"elementor-button-text\">En savoir plus<\/span>\n\t\t\t\t\t<\/span>\n\t\t\t\t\t<\/a>\n\t\t\t\t<\/div>\n\t\t\t\t\t\t\t\t<\/div>\n\t\t\t\t<\/div>\n\t\t\t\t\t<\/div>\n\t\t<\/div>\n\t\t\t\t\t<\/div>\n\t\t<\/section>\n\t\t\t\t<section class=\"elementor-section elementor-top-section elementor-element elementor-element-ea31ccb elementor-section-boxed elementor-section-height-default elementor-section-height-default\" data-id=\"ea31ccb\" data-element_type=\"section\">\n\t\t\t\t\t\t<div class=\"elementor-container elementor-column-gap-default\">\n\t\t\t\t\t<div class=\"elementor-column elementor-col-100 elementor-top-column elementor-element elementor-element-fcb049e\" data-id=\"fcb049e\" data-element_type=\"column\">\n\t\t\t<div class=\"elementor-widget-wrap elementor-element-populated\">\n\t\t\t\t\t\t<div class=\"elementor-element elementor-element-729996c elementor-widget elementor-widget-heading\" data-id=\"729996c\" data-element_type=\"widget\" data-widget_type=\"heading.default\">\n\t\t\t\t<div class=\"elementor-widget-container\">\n\t\t\t\t\t<h3 class=\"elementor-heading-title elementor-size-large\">nos Actualit\u00e9s <\/h3>\t\t\t\t<\/div>\n\t\t\t\t<\/div>\n\t\t\t\t\t<\/div>\n\t\t<\/div>\n\t\t\t\t\t<\/div>\n\t\t<\/section>\n\t\t<div class=\"elementor-element elementor-element-99c9fbe e-flex e-con-boxed e-con e-parent\" data-id=\"99c9fbe\" data-element_type=\"container\">\n\t\t\t\t\t<div class=\"e-con-inner\">\n\t\t\t\t<div class=\"elementor-element elementor-element-6ca2b74 elementor-widget elementor-widget-facebook-page\" data-id=\"6ca2b74\" data-element_type=\"widget\" data-widget_type=\"facebook-page.default\">\n\t\t\t\t<div class=\"elementor-widget-container\">\n\t\t\t\t\t<div class=\"elementor-facebook-widget fb-page\" data-href=\"https:\/\/www.facebook.com\/ecolesaintjosephdeclunynoumea\" data-tabs=\"timeline\" data-height=\"981px\" data-width=\"500px\" data-small-header=\"false\" data-hide-cover=\"false\" data-show-facepile=\"true\" data-hide-cta=\"false\" style=\"min-height: 1px;height:981px\"><\/div>\t\t\t\t<\/div>\n\t\t\t\t<\/div>\n\t\t\t\t\t<\/div>\n\t\t\t\t<\/div>\n\t\t\t\t<\/div>\n\t\t","protected":false},"excerpt":{"rendered":"<p>BIENVENUE\u00e0 l&rsquo;\u00e9cole St Joseph de Cluny !BIENVENUE\u00e0 l&rsquo;\u00e9cole St Joseph de Cluny !BIENVENUE\u00e0 l&rsquo;\u00e9cole St Joseph de Cluny ! Diapositive pr\u00e9c\u00e9dente Diapositive suivante Pr\u00e9sentation L\u2019\u00e9cole Saint Joseph de Cluny Noum\u00e9a est un \u00e9tablissement priv\u00e9 sous contrat d\u2019association avec l\u2019Etat situ\u00e9 au centre ville de Noum\u00e9a. Elle accueille des \u00e9l\u00e8ves de la maternelle au primaire dans [&hellip;]<\/p>\n","protected":false},"author":2,"featured_media":0,"parent":0,"menu_order":0,"comment_status":"closed","ping_status":"closed","template":"elementor_header_footer","meta":{"footnotes":""},"class_list":["post-10","page","type-page","status-publish","hentry"],"yoast_head":"<!-- This site is optimized with the Yoast SEO plugin v26.4 - https:\/\/yoast.com\/wordpress\/plugins\/seo\/ -->\n<title>- Ecole Saint-Joseph de Cluny - Noum\u00e9a<\/title>\n<meta name=\"description\" content=\"L\u2019\u00e9cole Saint Joseph de Cluny Noum\u00e9a est un \u00e9tablissement priv\u00e9 sous contrat d\u2019association avec l\u2019Etat situ\u00e9 au centre ville de Noum\u00e9a. Elle accueille des \u00e9l\u00e8ves de la maternelle au primaire dans un environnement calme et propice aux \u00e9tudes. L\u2019\u00e9quipe p\u00e9dagogique met tout en \u0153uvre pour offrir une \u00e9ducation de qualit\u00e9 et accompagner chaque \u00e9l\u00e8ve dans sa r\u00e9ussite scolaire et personnelle.\" \/>\n<meta name=\"robots\" content=\"index, follow, max-snippet:-1, max-image-preview:large, max-video-preview:-1\" \/>\n<link rel=\"canonical\" href=\"https:\/\/ecoleclunynoumea.ddec.nc\/\" \/>\n<meta property=\"og:locale\" content=\"fr_FR\" \/>\n<meta property=\"og:type\" content=\"article\" \/>\n<meta property=\"og:title\" content=\"- Ecole Saint-Joseph de Cluny - Noum\u00e9a\" \/>\n<meta property=\"og:description\" content=\"L\u2019\u00e9cole Saint Joseph de Cluny Noum\u00e9a est un \u00e9tablissement priv\u00e9 sous contrat d\u2019association avec l\u2019Etat situ\u00e9 au centre ville de Noum\u00e9a. Elle accueille des \u00e9l\u00e8ves de la maternelle au primaire dans un environnement calme et propice aux \u00e9tudes. L\u2019\u00e9quipe p\u00e9dagogique met tout en \u0153uvre pour offrir une \u00e9ducation de qualit\u00e9 et accompagner chaque \u00e9l\u00e8ve dans sa r\u00e9ussite scolaire et personnelle.\" \/>\n<meta property=\"og:url\" content=\"https:\/\/ecoleclunynoumea.ddec.nc\/\" \/>\n<meta property=\"og:site_name\" content=\"Ecole Saint-Joseph de Cluny - Noum\u00e9a\" \/>\n<meta property=\"article:publisher\" content=\"https:\/\/www.facebook.com\/ecolesaintjosephdeclunynoumea\" \/>\n<meta property=\"article:modified_time\" content=\"2024-12-09T03:46:51+00:00\" \/>\n<meta property=\"og:image\" content=\"https:\/\/ecoleclunynoumea.ddec.nc\/wp-content\/uploads\/2024\/11\/ecole-1.jpg\" \/>\n\t<meta property=\"og:image:width\" content=\"640\" \/>\n\t<meta property=\"og:image:height\" content=\"360\" \/>\n\t<meta property=\"og:image:type\" content=\"image\/jpeg\" \/>\n<meta name=\"twitter:card\" content=\"summary_large_image\" \/>\n<meta name=\"twitter:label1\" content=\"Dur\u00e9e de lecture estim\u00e9e\" \/>\n\t<meta name=\"twitter:data1\" content=\"1 minute\" \/>\n<script type=\"application\/ld+json\" class=\"yoast-schema-graph\">{\"@context\":\"https:\/\/schema.org\",\"@graph\":[{\"@type\":\"WebPage\",\"@id\":\"https:\/\/ecoleclunynoumea.ddec.nc\/\",\"url\":\"https:\/\/ecoleclunynoumea.ddec.nc\/\",\"name\":\"- Ecole Saint-Joseph de Cluny - Noum\u00e9a\",\"isPartOf\":{\"@id\":\"https:\/\/ecoleclunynoumea.ddec.nc\/#website\"},\"primaryImageOfPage\":{\"@id\":\"https:\/\/ecoleclunynoumea.ddec.nc\/#primaryimage\"},\"image\":{\"@id\":\"https:\/\/ecoleclunynoumea.ddec.nc\/#primaryimage\"},\"thumbnailUrl\":\"https:\/\/ecoleclunynoumea.ddec.nc\/wp-content\/uploads\/2024\/11\/ecole-1.jpg\",\"datePublished\":\"2024-11-27T06:41:39+00:00\",\"dateModified\":\"2024-12-09T03:46:51+00:00\",\"description\":\"L\u2019\u00e9cole Saint Joseph de Cluny Noum\u00e9a est un \u00e9tablissement priv\u00e9 sous contrat d\u2019association avec l\u2019Etat situ\u00e9 au centre ville de Noum\u00e9a. Elle accueille des \u00e9l\u00e8ves de la maternelle au primaire dans un environnement calme et propice aux \u00e9tudes. L\u2019\u00e9quipe p\u00e9dagogique met tout en \u0153uvre pour offrir une \u00e9ducation de qualit\u00e9 et accompagner chaque \u00e9l\u00e8ve dans sa r\u00e9ussite scolaire et personnelle.\",\"breadcrumb\":{\"@id\":\"https:\/\/ecoleclunynoumea.ddec.nc\/#breadcrumb\"},\"inLanguage\":\"fr-FR\",\"potentialAction\":[{\"@type\":\"ReadAction\",\"target\":[\"https:\/\/ecoleclunynoumea.ddec.nc\/\"]}]},{\"@type\":\"ImageObject\",\"inLanguage\":\"fr-FR\",\"@id\":\"https:\/\/ecoleclunynoumea.ddec.nc\/#primaryimage\",\"url\":\"https:\/\/ecoleclunynoumea.ddec.nc\/wp-content\/uploads\/2024\/11\/ecole-1.jpg\",\"contentUrl\":\"https:\/\/ecoleclunynoumea.ddec.nc\/wp-content\/uploads\/2024\/11\/ecole-1.jpg\",\"width\":640,\"height\":360},{\"@type\":\"BreadcrumbList\",\"@id\":\"https:\/\/ecoleclunynoumea.ddec.nc\/#breadcrumb\",\"itemListElement\":[{\"@type\":\"ListItem\",\"position\":1,\"name\":\"Accueil\",\"item\":\"https:\/\/ecoleclunynoumea.ddec.nc\/\"},{\"@type\":\"ListItem\",\"position\":2,\"name\":\"Accueil\"}]},{\"@type\":\"WebSite\",\"@id\":\"https:\/\/ecoleclunynoumea.ddec.nc\/#website\",\"url\":\"https:\/\/ecoleclunynoumea.ddec.nc\/\",\"name\":\"Ecole Saint-Joseph de Cluny - Noum\u00e9a\",\"description\":\"\",\"publisher\":{\"@id\":\"https:\/\/ecoleclunynoumea.ddec.nc\/#organization\"},\"potentialAction\":[{\"@type\":\"SearchAction\",\"target\":{\"@type\":\"EntryPoint\",\"urlTemplate\":\"https:\/\/ecoleclunynoumea.ddec.nc\/?s={search_term_string}\"},\"query-input\":{\"@type\":\"PropertyValueSpecification\",\"valueRequired\":true,\"valueName\":\"search_term_string\"}}],\"inLanguage\":\"fr-FR\"},{\"@type\":\"Organization\",\"@id\":\"https:\/\/ecoleclunynoumea.ddec.nc\/#organization\",\"name\":\"Ecole Saint-Joseph de Cluny - Noum\u00e9a\",\"url\":\"https:\/\/ecoleclunynoumea.ddec.nc\/\",\"logo\":{\"@type\":\"ImageObject\",\"inLanguage\":\"fr-FR\",\"@id\":\"https:\/\/ecoleclunynoumea.ddec.nc\/#\/schema\/logo\/image\/\",\"url\":\"https:\/\/ecoleclunynoumea.ddec.nc\/wp-content\/uploads\/2024\/11\/logo.jpg\",\"contentUrl\":\"https:\/\/ecoleclunynoumea.ddec.nc\/wp-content\/uploads\/2024\/11\/logo.jpg\",\"width\":808,\"height\":673,\"caption\":\"Ecole Saint-Joseph de Cluny - Noum\u00e9a\"},\"image\":{\"@id\":\"https:\/\/ecoleclunynoumea.ddec.nc\/#\/schema\/logo\/image\/\"},\"sameAs\":[\"https:\/\/www.facebook.com\/ecolesaintjosephdeclunynoumea\"]}]}<\/script>\n<!-- \/ Yoast SEO plugin. -->","yoast_head_json":{"title":"- Ecole Saint-Joseph de Cluny - Noum\u00e9a","description":"L\u2019\u00e9cole Saint Joseph de Cluny Noum\u00e9a est un \u00e9tablissement priv\u00e9 sous contrat d\u2019association avec l\u2019Etat situ\u00e9 au centre ville de Noum\u00e9a. Elle accueille des \u00e9l\u00e8ves de la maternelle au primaire dans un environnement calme et propice aux \u00e9tudes. L\u2019\u00e9quipe p\u00e9dagogique met tout en \u0153uvre pour offrir une \u00e9ducation de qualit\u00e9 et accompagner chaque \u00e9l\u00e8ve dans sa r\u00e9ussite scolaire et personnelle.","robots":{"index":"index","follow":"follow","max-snippet":"max-snippet:-1","max-image-preview":"max-image-preview:large","max-video-preview":"max-video-preview:-1"},"canonical":"https:\/\/ecoleclunynoumea.ddec.nc\/","og_locale":"fr_FR","og_type":"article","og_title":"- Ecole Saint-Joseph de Cluny - Noum\u00e9a","og_description":"L\u2019\u00e9cole Saint Joseph de Cluny Noum\u00e9a est un \u00e9tablissement priv\u00e9 sous contrat d\u2019association avec l\u2019Etat situ\u00e9 au centre ville de Noum\u00e9a. Elle accueille des \u00e9l\u00e8ves de la maternelle au primaire dans un environnement calme et propice aux \u00e9tudes. L\u2019\u00e9quipe p\u00e9dagogique met tout en \u0153uvre pour offrir une \u00e9ducation de qualit\u00e9 et accompagner chaque \u00e9l\u00e8ve dans sa r\u00e9ussite scolaire et personnelle.","og_url":"https:\/\/ecoleclunynoumea.ddec.nc\/","og_site_name":"Ecole Saint-Joseph de Cluny - Noum\u00e9a","article_publisher":"https:\/\/www.facebook.com\/ecolesaintjosephdeclunynoumea","article_modified_time":"2024-12-09T03:46:51+00:00","og_image":[{"width":640,"height":360,"url":"https:\/\/ecoleclunynoumea.ddec.nc\/wp-content\/uploads\/2024\/11\/ecole-1.jpg","type":"image\/jpeg"}],"twitter_card":"summary_large_image","twitter_misc":{"Dur\u00e9e de lecture estim\u00e9e":"1 minute"},"schema":{"@context":"https:\/\/schema.org","@graph":[{"@type":"WebPage","@id":"https:\/\/ecoleclunynoumea.ddec.nc\/","url":"https:\/\/ecoleclunynoumea.ddec.nc\/","name":"- Ecole Saint-Joseph de Cluny - Noum\u00e9a","isPartOf":{"@id":"https:\/\/ecoleclunynoumea.ddec.nc\/#website"},"primaryImageOfPage":{"@id":"https:\/\/ecoleclunynoumea.ddec.nc\/#primaryimage"},"image":{"@id":"https:\/\/ecoleclunynoumea.ddec.nc\/#primaryimage"},"thumbnailUrl":"https:\/\/ecoleclunynoumea.ddec.nc\/wp-content\/uploads\/2024\/11\/ecole-1.jpg","datePublished":"2024-11-27T06:41:39+00:00","dateModified":"2024-12-09T03:46:51+00:00","description":"L\u2019\u00e9cole Saint Joseph de Cluny Noum\u00e9a est un \u00e9tablissement priv\u00e9 sous contrat d\u2019association avec l\u2019Etat situ\u00e9 au centre ville de Noum\u00e9a. Elle accueille des \u00e9l\u00e8ves de la maternelle au primaire dans un environnement calme et propice aux \u00e9tudes. L\u2019\u00e9quipe p\u00e9dagogique met tout en \u0153uvre pour offrir une \u00e9ducation de qualit\u00e9 et accompagner chaque \u00e9l\u00e8ve dans sa r\u00e9ussite scolaire et personnelle.","breadcrumb":{"@id":"https:\/\/ecoleclunynoumea.ddec.nc\/#breadcrumb"},"inLanguage":"fr-FR","potentialAction":[{"@type":"ReadAction","target":["https:\/\/ecoleclunynoumea.ddec.nc\/"]}]},{"@type":"ImageObject","inLanguage":"fr-FR","@id":"https:\/\/ecoleclunynoumea.ddec.nc\/#primaryimage","url":"https:\/\/ecoleclunynoumea.ddec.nc\/wp-content\/uploads\/2024\/11\/ecole-1.jpg","contentUrl":"https:\/\/ecoleclunynoumea.ddec.nc\/wp-content\/uploads\/2024\/11\/ecole-1.jpg","width":640,"height":360},{"@type":"BreadcrumbList","@id":"https:\/\/ecoleclunynoumea.ddec.nc\/#breadcrumb","itemListElement":[{"@type":"ListItem","position":1,"name":"Accueil","item":"https:\/\/ecoleclunynoumea.ddec.nc\/"},{"@type":"ListItem","position":2,"name":"Accueil"}]},{"@type":"WebSite","@id":"https:\/\/ecoleclunynoumea.ddec.nc\/#website","url":"https:\/\/ecoleclunynoumea.ddec.nc\/","name":"Ecole Saint-Joseph de Cluny - Noum\u00e9a","description":"","publisher":{"@id":"https:\/\/ecoleclunynoumea.ddec.nc\/#organization"},"potentialAction":[{"@type":"SearchAction","target":{"@type":"EntryPoint","urlTemplate":"https:\/\/ecoleclunynoumea.ddec.nc\/?s={search_term_string}"},"query-input":{"@type":"PropertyValueSpecification","valueRequired":true,"valueName":"search_term_string"}}],"inLanguage":"fr-FR"},{"@type":"Organization","@id":"https:\/\/ecoleclunynoumea.ddec.nc\/#organization","name":"Ecole Saint-Joseph de Cluny - Noum\u00e9a","url":"https:\/\/ecoleclunynoumea.ddec.nc\/","logo":{"@type":"ImageObject","inLanguage":"fr-FR","@id":"https:\/\/ecoleclunynoumea.ddec.nc\/#\/schema\/logo\/image\/","url":"https:\/\/ecoleclunynoumea.ddec.nc\/wp-content\/uploads\/2024\/11\/logo.jpg","contentUrl":"https:\/\/ecoleclunynoumea.ddec.nc\/wp-content\/uploads\/2024\/11\/logo.jpg","width":808,"height":673,"caption":"Ecole Saint-Joseph de Cluny - Noum\u00e9a"},"image":{"@id":"https:\/\/ecoleclunynoumea.ddec.nc\/#\/schema\/logo\/image\/"},"sameAs":["https:\/\/www.facebook.com\/ecolesaintjosephdeclunynoumea"]}]}},"_links":{"self":[{"href":"https:\/\/ecoleclunynoumea.ddec.nc\/index.php?rest_route=\/wp\/v2\/pages\/10","targetHints":{"allow":["GET"]}}],"collection":[{"href":"https:\/\/ecoleclunynoumea.ddec.nc\/index.php?rest_route=\/wp\/v2\/pages"}],"about":[{"href":"https:\/\/ecoleclunynoumea.ddec.nc\/index.php?rest_route=\/wp\/v2\/types\/page"}],"author":[{"embeddable":true,"href":"https:\/\/ecoleclunynoumea.ddec.nc\/index.php?rest_route=\/wp\/v2\/users\/2"}],"replies":[{"embeddable":true,"href":"https:\/\/ecoleclunynoumea.ddec.nc\/index.php?rest_route=%2Fwp%2Fv2%2Fcomments&post=10"}],"version-history":[{"count":101,"href":"https:\/\/ecoleclunynoumea.ddec.nc\/index.php?rest_route=\/wp\/v2\/pages\/10\/revisions"}],"predecessor-version":[{"id":539,"href":"https:\/\/ecoleclunynoumea.ddec.nc\/index.php?rest_route=\/wp\/v2\/pages\/10\/revisions\/539"}],"wp:attachment":[{"href":"https:\/\/ecoleclunynoumea.ddec.nc\/index.php?rest_route=%2Fwp%2Fv2%2Fmedia&parent=10"}],"curies":[{"name":"wp","href":"https:\/\/api.w.org\/{rel}","templated":true}]}}