{"id":20,"date":"2024-11-27T06:44:24","date_gmt":"2024-11-27T06:44:24","guid":{"rendered":"https:\/\/ecoleclunynoumea.ddec.nc\/?page_id=20"},"modified":"2024-12-09T14:42:14","modified_gmt":"2024-12-09T03:42:14","slug":"presentation","status":"publish","type":"page","link":"https:\/\/ecoleclunynoumea.ddec.nc\/?page_id=20","title":{"rendered":"Pr\u00e9sentation"},"content":{"rendered":"\t\t<div data-elementor-type=\"wp-page\" data-elementor-id=\"20\" class=\"elementor elementor-20\" data-elementor-post-type=\"page\">\n\t\t\t\t\t\t<section class=\"elementor-section elementor-top-section elementor-element elementor-element-3645396 elementor-section-height-min-height elementor-section-boxed elementor-section-height-default elementor-section-items-middle\" data-id=\"3645396\" data-element_type=\"section\" data-settings=\"{&quot;background_background&quot;:&quot;classic&quot;}\">\n\t\t\t\t\t\t\t<div class=\"elementor-background-overlay\"><\/div>\n\t\t\t\t\t\t\t<div class=\"elementor-container elementor-column-gap-default\">\n\t\t\t\t\t<div class=\"elementor-column elementor-col-100 elementor-top-column elementor-element elementor-element-c479a97\" data-id=\"c479a97\" data-element_type=\"column\">\n\t\t\t<div class=\"elementor-widget-wrap elementor-element-populated\">\n\t\t\t\t\t\t<div class=\"elementor-element elementor-element-adc59ab elementor-widget elementor-widget-text-editor\" data-id=\"adc59ab\" data-element_type=\"widget\" data-widget_type=\"text-editor.default\">\n\t\t\t\t<div class=\"elementor-widget-container\">\n\t\t\t\t\t\t\t\t\t<p>Notre \u00e9tablissement\u00a0<\/p>\t\t\t\t\t\t\t\t<\/div>\n\t\t\t\t<\/div>\n\t\t\t\t<div class=\"elementor-element elementor-element-fe1fa12 elementor-widget elementor-widget-heading\" data-id=\"fe1fa12\" data-element_type=\"widget\" data-widget_type=\"heading.default\">\n\t\t\t\t<div class=\"elementor-widget-container\">\n\t\t\t\t\t<h1 class=\"elementor-heading-title elementor-size-default\">Pr\u00e9sentation <\/h1>\t\t\t\t<\/div>\n\t\t\t\t<\/div>\n\t\t\t\t\t<\/div>\n\t\t<\/div>\n\t\t\t\t\t<\/div>\n\t\t<\/section>\n\t\t\t\t<section class=\"elementor-section elementor-top-section elementor-element elementor-element-5b59bc9 elementor-section-boxed elementor-section-height-default elementor-section-height-default\" data-id=\"5b59bc9\" data-element_type=\"section\">\n\t\t\t\t\t\t<div class=\"elementor-container elementor-column-gap-default\">\n\t\t\t\t\t<div class=\"elementor-column elementor-col-50 elementor-top-column elementor-element elementor-element-35d9550\" data-id=\"35d9550\" data-element_type=\"column\">\n\t\t\t<div class=\"elementor-widget-wrap elementor-element-populated\">\n\t\t\t\t\t\t<div class=\"elementor-element elementor-element-54e1e47 elementor-widget elementor-widget-heading\" data-id=\"54e1e47\" data-element_type=\"widget\" data-widget_type=\"heading.default\">\n\t\t\t\t<div class=\"elementor-widget-container\">\n\t\t\t\t\t<h4 class=\"elementor-heading-title elementor-size-default\">Notre \u00e9tablissement <\/h4>\t\t\t\t<\/div>\n\t\t\t\t<\/div>\n\t\t\t\t<div class=\"elementor-element elementor-element-337e68a elementor-widget elementor-widget-heading\" data-id=\"337e68a\" data-element_type=\"widget\" data-widget_type=\"heading.default\">\n\t\t\t\t<div class=\"elementor-widget-container\">\n\t\t\t\t\t<h2 class=\"elementor-heading-title elementor-size-default\">Bienvenue <\/h2>\t\t\t\t<\/div>\n\t\t\t\t<\/div>\n\t\t\t\t\t<\/div>\n\t\t<\/div>\n\t\t\t\t<div class=\"elementor-column elementor-col-50 elementor-top-column elementor-element elementor-element-f318652\" data-id=\"f318652\" data-element_type=\"column\">\n\t\t\t<div class=\"elementor-widget-wrap elementor-element-populated\">\n\t\t\t\t\t\t<div class=\"elementor-element elementor-element-a90d72d elementor-widget elementor-widget-text-editor\" data-id=\"a90d72d\" data-element_type=\"widget\" data-widget_type=\"text-editor.default\">\n\t\t\t\t<div class=\"elementor-widget-container\">\n\t\t\t\t\t\t\t\t\t<p><strong>Bienvenue \u00e0 l\u2019\u00e9cole Saint Joseph de Cluny Noum\u00e9a !\u00a0<\/strong><\/p><p><strong>Nous sommes ravis de vous accueillir dans notre communaut\u00e9 \u00e9ducative dynamique et diversifi\u00e9e. Notre \u00e9cole offre une \u00e9ducation de qualit\u00e9 qui profite \u00e0 tous les \u00e9l\u00e8ves, en leur fournissant les comp\u00e9tences et les connaissances n\u00e9cessaires pour r\u00e9ussir dans un monde en constante \u00e9volution. Nous sommes fiers de notre corps enseignant qualifi\u00e9 et d\u00e9vou\u00e9, qui guide nos \u00e9l\u00e8ves chaque jour avec passion et engagement.\u00a0<\/strong><\/p><p><strong>\u00a0Une fois de plus, bienvenue dans notre \u00e9cole, nous sommes heureux de vous compter parmi nous!<\/strong><\/p>\t\t\t\t\t\t\t\t<\/div>\n\t\t\t\t<\/div>\n\t\t\t\t\t<\/div>\n\t\t<\/div>\n\t\t\t\t\t<\/div>\n\t\t<\/section>\n\t\t\t\t<section class=\"elementor-section elementor-top-section elementor-element elementor-element-7a8ac43 elementor-reverse-tablet elementor-reverse-mobile elementor-section-boxed elementor-section-height-default elementor-section-height-default\" data-id=\"7a8ac43\" data-element_type=\"section\">\n\t\t\t\t\t\t<div class=\"elementor-container elementor-column-gap-default\">\n\t\t\t\t\t<div class=\"elementor-column elementor-col-50 elementor-top-column elementor-element elementor-element-63c5aba\" data-id=\"63c5aba\" data-element_type=\"column\" data-settings=\"{&quot;background_background&quot;:&quot;classic&quot;}\">\n\t\t\t<div class=\"elementor-widget-wrap elementor-element-populated\">\n\t\t\t\t\t<div class=\"elementor-background-overlay\"><\/div>\n\t\t\t\t\t\t<div class=\"elementor-element elementor-element-2481ac7 elementor-cta--skin-cover elementor-widget elementor-widget-call-to-action\" data-id=\"2481ac7\" data-element_type=\"widget\" data-widget_type=\"call-to-action.default\">\n\t\t\t\t<div class=\"elementor-widget-container\">\n\t\t\t\t\t\t\t<div class=\"elementor-cta\">\n\t\t\t\t\t<div class=\"elementor-cta__bg-wrapper\">\n\t\t\t\t<div class=\"elementor-cta__bg elementor-bg\" style=\"background-image: url(https:\/\/ecoleclunynoumea.ddec.nc\/wp-content\/uploads\/2024\/11\/ecole-1.jpg);\" role=\"img\" aria-label=\"ecole\"><\/div>\n\t\t\t\t<div class=\"elementor-cta__bg-overlay\"><\/div>\n\t\t\t<\/div>\n\t\t\t\t\t\t\t<div class=\"elementor-cta__content\">\n\t\t\t\t\n\t\t\t\t\t\t\t\t\t<h2 class=\"elementor-cta__title elementor-cta__content-item elementor-content-item\">\n\t\t\t\t\t\t \t\t\t\t\t<\/h2>\n\t\t\t\t\n\t\t\t\t\n\t\t\t\t\t\t\t<\/div>\n\t\t\t\t\t\t<\/div>\n\t\t\t\t\t\t<\/div>\n\t\t\t\t<\/div>\n\t\t\t\t\t<\/div>\n\t\t<\/div>\n\t\t\t\t<div class=\"elementor-column elementor-col-50 elementor-top-column elementor-element elementor-element-a25c53c\" data-id=\"a25c53c\" data-element_type=\"column\">\n\t\t\t<div class=\"elementor-widget-wrap elementor-element-populated\">\n\t\t\t\t\t\t<div class=\"elementor-element elementor-element-38163bb elementor-widget elementor-widget-heading\" data-id=\"38163bb\" data-element_type=\"widget\" data-widget_type=\"heading.default\">\n\t\t\t\t<div class=\"elementor-widget-container\">\n\t\t\t\t\t<h2 class=\"elementor-heading-title elementor-size-default\">Notre histoire<\/h2>\t\t\t\t<\/div>\n\t\t\t\t<\/div>\n\t\t\t\t<div class=\"elementor-element elementor-element-92bde6a elementor-widget elementor-widget-text-editor\" data-id=\"92bde6a\" data-element_type=\"widget\" data-widget_type=\"text-editor.default\">\n\t\t\t\t<div class=\"elementor-widget-container\">\n\t\t\t\t\t\t\t\t\t<p><strong>L\u2019\u00e9cole Saint Joseph de Cluny Noum\u00e9a au centre ville en Nouvelle-Cal\u00e9donie par des missionnaires de la congr\u00e9gation de Saint Joseph de Cluny. Cette \u00e9cole a commenc\u00e9 en tant qu\u2019\u00e9cole pour les filles.<\/strong><\/p><p><strong>Aujourd\u2019hui, l\u2019\u00e9cole Saint Joseph de Cluny Noum\u00e9a est toujours en activit\u00e9 .Elle offre une \u00e9ducation catholique aux enfants, de la maternelle au primaire . L\u2019histoire de l\u2019\u00e9cole Saint Joseph de Cluny Noum\u00e9a est une partie importante de l\u2019histoire de l\u2019\u00e9ducation en Nouvelle-Cal\u00e9donie.<\/strong><\/p>\t\t\t\t\t\t\t\t<\/div>\n\t\t\t\t<\/div>\n\t\t\t\t\t<\/div>\n\t\t<\/div>\n\t\t\t\t\t<\/div>\n\t\t<\/section>\n\t\t\t\t<\/div>\n\t\t","protected":false},"excerpt":{"rendered":"<p>Notre \u00e9tablissement\u00a0 Pr\u00e9sentation Notre \u00e9tablissement Bienvenue Bienvenue \u00e0 l\u2019\u00e9cole Saint Joseph de Cluny Noum\u00e9a !\u00a0 Nous sommes ravis de vous accueillir dans notre communaut\u00e9 \u00e9ducative dynamique et diversifi\u00e9e. Notre \u00e9cole offre une \u00e9ducation de qualit\u00e9 qui profite \u00e0 tous les \u00e9l\u00e8ves, en leur fournissant les comp\u00e9tences et les connaissances n\u00e9cessaires pour r\u00e9ussir dans un monde [&hellip;]<\/p>\n","protected":false},"author":2,"featured_media":0,"parent":0,"menu_order":0,"comment_status":"closed","ping_status":"closed","template":"elementor_header_footer","meta":{"footnotes":""},"class_list":["post-20","page","type-page","status-publish","hentry"],"yoast_head":"<!-- This site is optimized with the Yoast SEO plugin v26.4 - https:\/\/yoast.com\/wordpress\/plugins\/seo\/ -->\n<title>Pr\u00e9sentation - Ecole Saint-Joseph de Cluny - Noum\u00e9a<\/title>\n<meta name=\"robots\" content=\"index, follow, max-snippet:-1, max-image-preview:large, max-video-preview:-1\" \/>\n<link rel=\"canonical\" href=\"https:\/\/ecoleclunynoumea.ddec.nc\/?page_id=20\" \/>\n<meta property=\"og:locale\" content=\"fr_FR\" \/>\n<meta property=\"og:type\" content=\"article\" \/>\n<meta property=\"og:title\" content=\"Pr\u00e9sentation - Ecole Saint-Joseph de Cluny - Noum\u00e9a\" \/>\n<meta property=\"og:description\" content=\"Notre \u00e9tablissement\u00a0 Pr\u00e9sentation Notre \u00e9tablissement Bienvenue Bienvenue \u00e0 l\u2019\u00e9cole Saint Joseph de Cluny Noum\u00e9a !\u00a0 Nous sommes ravis de vous accueillir dans notre communaut\u00e9 \u00e9ducative dynamique et diversifi\u00e9e. Notre \u00e9cole offre une \u00e9ducation de qualit\u00e9 qui profite \u00e0 tous les \u00e9l\u00e8ves, en leur fournissant les comp\u00e9tences et les connaissances n\u00e9cessaires pour r\u00e9ussir dans un monde [&hellip;]\" \/>\n<meta property=\"og:url\" content=\"https:\/\/ecoleclunynoumea.ddec.nc\/?page_id=20\" \/>\n<meta property=\"og:site_name\" content=\"Ecole Saint-Joseph de Cluny - Noum\u00e9a\" \/>\n<meta property=\"article:publisher\" content=\"https:\/\/www.facebook.com\/ecolesaintjosephdeclunynoumea\" \/>\n<meta property=\"article:modified_time\" content=\"2024-12-09T03:42:14+00:00\" \/>\n<meta name=\"twitter:card\" content=\"summary_large_image\" \/>\n<meta name=\"twitter:label1\" content=\"Dur\u00e9e de lecture estim\u00e9e\" \/>\n\t<meta name=\"twitter:data1\" content=\"1 minute\" \/>\n<script type=\"application\/ld+json\" class=\"yoast-schema-graph\">{\"@context\":\"https:\/\/schema.org\",\"@graph\":[{\"@type\":\"WebPage\",\"@id\":\"https:\/\/ecoleclunynoumea.ddec.nc\/?page_id=20\",\"url\":\"https:\/\/ecoleclunynoumea.ddec.nc\/?page_id=20\",\"name\":\"Pr\u00e9sentation - Ecole Saint-Joseph de Cluny - Noum\u00e9a\",\"isPartOf\":{\"@id\":\"https:\/\/ecoleclunynoumea.ddec.nc\/#website\"},\"datePublished\":\"2024-11-27T06:44:24+00:00\",\"dateModified\":\"2024-12-09T03:42:14+00:00\",\"breadcrumb\":{\"@id\":\"https:\/\/ecoleclunynoumea.ddec.nc\/?page_id=20#breadcrumb\"},\"inLanguage\":\"fr-FR\",\"potentialAction\":[{\"@type\":\"ReadAction\",\"target\":[\"https:\/\/ecoleclunynoumea.ddec.nc\/?page_id=20\"]}]},{\"@type\":\"BreadcrumbList\",\"@id\":\"https:\/\/ecoleclunynoumea.ddec.nc\/?page_id=20#breadcrumb\",\"itemListElement\":[{\"@type\":\"ListItem\",\"position\":1,\"name\":\"Accueil\",\"item\":\"https:\/\/ecoleclunynoumea.ddec.nc\/\"},{\"@type\":\"ListItem\",\"position\":2,\"name\":\"Pr\u00e9sentation\"}]},{\"@type\":\"WebSite\",\"@id\":\"https:\/\/ecoleclunynoumea.ddec.nc\/#website\",\"url\":\"https:\/\/ecoleclunynoumea.ddec.nc\/\",\"name\":\"Ecole Saint-Joseph de Cluny - Noum\u00e9a\",\"description\":\"\",\"publisher\":{\"@id\":\"https:\/\/ecoleclunynoumea.ddec.nc\/#organization\"},\"potentialAction\":[{\"@type\":\"SearchAction\",\"target\":{\"@type\":\"EntryPoint\",\"urlTemplate\":\"https:\/\/ecoleclunynoumea.ddec.nc\/?s={search_term_string}\"},\"query-input\":{\"@type\":\"PropertyValueSpecification\",\"valueRequired\":true,\"valueName\":\"search_term_string\"}}],\"inLanguage\":\"fr-FR\"},{\"@type\":\"Organization\",\"@id\":\"https:\/\/ecoleclunynoumea.ddec.nc\/#organization\",\"name\":\"Ecole Saint-Joseph de Cluny - Noum\u00e9a\",\"url\":\"https:\/\/ecoleclunynoumea.ddec.nc\/\",\"logo\":{\"@type\":\"ImageObject\",\"inLanguage\":\"fr-FR\",\"@id\":\"https:\/\/ecoleclunynoumea.ddec.nc\/#\/schema\/logo\/image\/\",\"url\":\"https:\/\/ecoleclunynoumea.ddec.nc\/wp-content\/uploads\/2024\/11\/logo.jpg\",\"contentUrl\":\"https:\/\/ecoleclunynoumea.ddec.nc\/wp-content\/uploads\/2024\/11\/logo.jpg\",\"width\":808,\"height\":673,\"caption\":\"Ecole Saint-Joseph de Cluny - Noum\u00e9a\"},\"image\":{\"@id\":\"https:\/\/ecoleclunynoumea.ddec.nc\/#\/schema\/logo\/image\/\"},\"sameAs\":[\"https:\/\/www.facebook.com\/ecolesaintjosephdeclunynoumea\"]}]}<\/script>\n<!-- \/ Yoast SEO plugin. -->","yoast_head_json":{"title":"Pr\u00e9sentation - Ecole Saint-Joseph de Cluny - Noum\u00e9a","robots":{"index":"index","follow":"follow","max-snippet":"max-snippet:-1","max-image-preview":"max-image-preview:large","max-video-preview":"max-video-preview:-1"},"canonical":"https:\/\/ecoleclunynoumea.ddec.nc\/?page_id=20","og_locale":"fr_FR","og_type":"article","og_title":"Pr\u00e9sentation - Ecole Saint-Joseph de Cluny - Noum\u00e9a","og_description":"Notre \u00e9tablissement\u00a0 Pr\u00e9sentation Notre \u00e9tablissement Bienvenue Bienvenue \u00e0 l\u2019\u00e9cole Saint Joseph de Cluny Noum\u00e9a !\u00a0 Nous sommes ravis de vous accueillir dans notre communaut\u00e9 \u00e9ducative dynamique et diversifi\u00e9e. Notre \u00e9cole offre une \u00e9ducation de qualit\u00e9 qui profite \u00e0 tous les \u00e9l\u00e8ves, en leur fournissant les comp\u00e9tences et les connaissances n\u00e9cessaires pour r\u00e9ussir dans un monde [&hellip;]","og_url":"https:\/\/ecoleclunynoumea.ddec.nc\/?page_id=20","og_site_name":"Ecole Saint-Joseph de Cluny - Noum\u00e9a","article_publisher":"https:\/\/www.facebook.com\/ecolesaintjosephdeclunynoumea","article_modified_time":"2024-12-09T03:42:14+00:00","twitter_card":"summary_large_image","twitter_misc":{"Dur\u00e9e de lecture estim\u00e9e":"1 minute"},"schema":{"@context":"https:\/\/schema.org","@graph":[{"@type":"WebPage","@id":"https:\/\/ecoleclunynoumea.ddec.nc\/?page_id=20","url":"https:\/\/ecoleclunynoumea.ddec.nc\/?page_id=20","name":"Pr\u00e9sentation - Ecole Saint-Joseph de Cluny - Noum\u00e9a","isPartOf":{"@id":"https:\/\/ecoleclunynoumea.ddec.nc\/#website"},"datePublished":"2024-11-27T06:44:24+00:00","dateModified":"2024-12-09T03:42:14+00:00","breadcrumb":{"@id":"https:\/\/ecoleclunynoumea.ddec.nc\/?page_id=20#breadcrumb"},"inLanguage":"fr-FR","potentialAction":[{"@type":"ReadAction","target":["https:\/\/ecoleclunynoumea.ddec.nc\/?page_id=20"]}]},{"@type":"BreadcrumbList","@id":"https:\/\/ecoleclunynoumea.ddec.nc\/?page_id=20#breadcrumb","itemListElement":[{"@type":"ListItem","position":1,"name":"Accueil","item":"https:\/\/ecoleclunynoumea.ddec.nc\/"},{"@type":"ListItem","position":2,"name":"Pr\u00e9sentation"}]},{"@type":"WebSite","@id":"https:\/\/ecoleclunynoumea.ddec.nc\/#website","url":"https:\/\/ecoleclunynoumea.ddec.nc\/","name":"Ecole Saint-Joseph de Cluny - Noum\u00e9a","description":"","publisher":{"@id":"https:\/\/ecoleclunynoumea.ddec.nc\/#organization"},"potentialAction":[{"@type":"SearchAction","target":{"@type":"EntryPoint","urlTemplate":"https:\/\/ecoleclunynoumea.ddec.nc\/?s={search_term_string}"},"query-input":{"@type":"PropertyValueSpecification","valueRequired":true,"valueName":"search_term_string"}}],"inLanguage":"fr-FR"},{"@type":"Organization","@id":"https:\/\/ecoleclunynoumea.ddec.nc\/#organization","name":"Ecole Saint-Joseph de Cluny - Noum\u00e9a","url":"https:\/\/ecoleclunynoumea.ddec.nc\/","logo":{"@type":"ImageObject","inLanguage":"fr-FR","@id":"https:\/\/ecoleclunynoumea.ddec.nc\/#\/schema\/logo\/image\/","url":"https:\/\/ecoleclunynoumea.ddec.nc\/wp-content\/uploads\/2024\/11\/logo.jpg","contentUrl":"https:\/\/ecoleclunynoumea.ddec.nc\/wp-content\/uploads\/2024\/11\/logo.jpg","width":808,"height":673,"caption":"Ecole Saint-Joseph de Cluny - Noum\u00e9a"},"image":{"@id":"https:\/\/ecoleclunynoumea.ddec.nc\/#\/schema\/logo\/image\/"},"sameAs":["https:\/\/www.facebook.com\/ecolesaintjosephdeclunynoumea"]}]}},"_links":{"self":[{"href":"https:\/\/ecoleclunynoumea.ddec.nc\/index.php?rest_route=\/wp\/v2\/pages\/20","targetHints":{"allow":["GET"]}}],"collection":[{"href":"https:\/\/ecoleclunynoumea.ddec.nc\/index.php?rest_route=\/wp\/v2\/pages"}],"about":[{"href":"https:\/\/ecoleclunynoumea.ddec.nc\/index.php?rest_route=\/wp\/v2\/types\/page"}],"author":[{"embeddable":true,"href":"https:\/\/ecoleclunynoumea.ddec.nc\/index.php?rest_route=\/wp\/v2\/users\/2"}],"replies":[{"embeddable":true,"href":"https:\/\/ecoleclunynoumea.ddec.nc\/index.php?rest_route=%2Fwp%2Fv2%2Fcomments&post=20"}],"version-history":[{"count":25,"href":"https:\/\/ecoleclunynoumea.ddec.nc\/index.php?rest_route=\/wp\/v2\/pages\/20\/revisions"}],"predecessor-version":[{"id":536,"href":"https:\/\/ecoleclunynoumea.ddec.nc\/index.php?rest_route=\/wp\/v2\/pages\/20\/revisions\/536"}],"wp:attachment":[{"href":"https:\/\/ecoleclunynoumea.ddec.nc\/index.php?rest_route=%2Fwp%2Fv2%2Fmedia&parent=20"}],"curies":[{"name":"wp","href":"https:\/\/api.w.org\/{rel}","templated":true}]}}